{"id":275,"date":"2015-09-24T11:22:59","date_gmt":"2015-09-24T09:22:59","guid":{"rendered":"http:\/\/www.aggiornati.ch\/?page_id=275"},"modified":"2015-10-26T11:12:14","modified_gmt":"2015-10-26T10:12:14","slug":"accreditatori","status":"publish","type":"page","link":"https:\/\/www.aggiornati.ch\/?page_id=275","title":{"rendered":"Accreditatori"},"content":{"rendered":"<p>http:\/\/www.sgmo.ch\/fortbildung\/credits-beantragen\/<\/p>\n<table class=\" alignleft\" style=\"max-width: 360px;\" border=\"0\" width=\"100%\" cellspacing=\"1\" cellpadding=\"1\">\n<tbody>\n<tr>\n<td colspan=\"2\"><\/td>\n<\/tr>\n<tr>\n<td width=\"150\">Accreditatore<\/td>\n<td><b>Dr med. Alberto Chiesa<\/b><\/td>\n<\/tr>\n<tr>\n<td>Specializzazione<\/td>\n<td><b>Medicina Generale<\/b><\/td>\n<\/tr>\n<tr>\n<td valign=\"top\">Contatto<\/td>\n<td>Via Cantonale 11<br \/>\n6900 Lugano<br \/>\nTel 091 \/ 921.19.00<br \/>\nFax 091 \/ 921.19.16<\/td>\n<\/tr>\n<tr>\n<td>E-mail<\/td>\n<td><a href=\"mailto:dr.chiesa@bluewin.ch\">dr.chiesa@bluewin.ch<\/a><\/td>\n<\/tr>\n<tr>\n<td colspan=\"2\">\n<hr \/>\n<\/td>\n<\/tr>\n<tr>\n<td colspan=\"2\"><\/td>\n<\/tr>\n<tr>\n<td width=\"150\">Accreditatore<\/td>\n<td><b>Dr med. Ettore Battaglia<\/b><\/td>\n<\/tr>\n<tr>\n<td>Specializzazione<\/td>\n<td><b>FMH Medicina Interna<\/b><\/td>\n<\/tr>\n<tr>\n<td valign=\"top\">Contatto<\/td>\n<td>Viale Stefano Franscini 1<br \/>\n6900 Lugano<br \/>\nTel 091 \/ 922.90.55<br \/>\nFax 091 \/ 923.50.45<\/td>\n<\/tr>\n<tr>\n<td>E-mail<\/td>\n<td><a href=\"mailto:studiobattaglia@bluewin.ch\">studiobattaglia@bluewin.ch<\/a><\/td>\n<\/tr>\n<tr>\n<td colspan=\"2\">\n<hr \/>\n<\/td>\n<\/tr>\n<tr>\n<td colspan=\"2\"><\/td>\n<\/tr>\n<tr>\n<td width=\"150\">Accreditatore<\/td>\n<td><b>Prof. Iris Baumgartner<\/b><\/td>\n<\/tr>\n<tr>\n<td>Specializzazione<\/td>\n<td><b>Angiologia<\/b><\/td>\n<\/tr>\n<tr>\n<td valign=\"top\">Contatto<\/td>\n<td>Inselspital<br \/>\n3010 Berna<\/td>\n<\/tr>\n<tr>\n<td>E-mail<\/td>\n<td><a href=\"mailto:angiology.division@insel.ch\">angiology.division@insel.ch<\/a><\/td>\n<\/tr>\n<tr>\n<td colspan=\"2\">\n<hr \/>\n<\/td>\n<\/tr>\n<tr>\n<td colspan=\"2\"><\/td>\n<\/tr>\n<tr>\n<td width=\"150\">Accreditatore<\/td>\n<td><\/td>\n<\/tr>\n<tr>\n<td>Specializzazione<\/td>\n<td><b>Cardiologia<\/b><\/td>\n<\/tr>\n<tr>\n<td valign=\"top\">Contatto<\/td>\n<td>Segretariato Societ\u00e0 di Cardiologia, Schwarztorstrasse 18<br \/>\n3007 Berna<br \/>\nTel 031 \/ 388.80.90<\/td>\n<\/tr>\n<tr>\n<td>E-mail<\/td>\n<td><a href=\"mailto:info@swisscardio.ch\">info@swisscardio.ch<\/a><\/td>\n<\/tr>\n<tr>\n<td colspan=\"2\">\n<hr \/>\n<\/td>\n<\/tr>\n<tr>\n<td colspan=\"2\"><\/td>\n<\/tr>\n<tr>\n<td width=\"150\">Accreditatore<\/td>\n<td><b>Dr med. Roger Lehmann<\/b><\/td>\n<\/tr>\n<tr>\n<td>Specializzazione<\/td>\n<td><b>Endocrinologia\/Diabetologia<\/b><\/td>\n<\/tr>\n<tr>\n<td valign=\"top\">Contatto<\/td>\n<td>c\/o Universit\u00e4tsSpital, Klinik Endokrinologie &amp; Diabetologie, R\u00e4mistrasse 100<br \/>\n8091 Z\u00fcrich<br \/>\nFax 044 255 85 90<\/td>\n<\/tr>\n<tr>\n<td>E-mail<\/td>\n<td><a href=\"mailto:roger.lehmann@usz.ch\">roger.lehmann@usz.ch<\/a><\/td>\n<\/tr>\n<tr>\n<td colspan=\"2\">\n<hr \/>\n<\/td>\n<\/tr>\n<tr>\n<td colspan=\"2\"><\/td>\n<\/tr>\n<tr>\n<td width=\"150\">Accreditatore<\/td>\n<td><b>Dr med. Christian Van Delden<\/b><\/td>\n<\/tr>\n<tr>\n<td>Specializzazione<\/td>\n<td><b>Infeziologia<\/b><\/td>\n<\/tr>\n<tr>\n<td valign=\"top\">Contatto<\/td>\n<td>Service des maladies infectieuses, HUG<br \/>\n1211 Ginevra<br \/>\nTel 022 372 32 07<\/td>\n<\/tr>\n<tr>\n<td>E-mail<\/td>\n<td><a href=\"mailto:christian.vandelden@hcuge.ch\">christian.vandelden@hcuge.ch<\/a><\/td>\n<\/tr>\n<tr>\n<td colspan=\"2\">\n<hr \/>\n<\/td>\n<\/tr>\n<tr>\n<td colspan=\"2\"><\/td>\n<\/tr>\n<tr>\n<td width=\"150\">Accreditatore<\/td>\n<td><b>PD Dr Fran\u00e7ois Spertini<\/b><\/td>\n<\/tr>\n<tr>\n<td>Specializzazione<\/td>\n<td><b>Immunologia<\/b><\/td>\n<\/tr>\n<tr>\n<td valign=\"top\">Contatto<\/td>\n<td>CHUV<br \/>\nRue du Bugnon 46<br \/>\n1011 Losanna<br \/>\nTel 021 \/ 314.07.90<br \/>\nFax 021 \/ 314.07.91<\/td>\n<\/tr>\n<tr>\n<td>E-mail<\/td>\n<td><a href=\"mailto:francois.spertini@chuv.hospvd.ch\">francois.spertini@chuv.hospvd.ch<\/a><\/td>\n<\/tr>\n<tr>\n<td colspan=\"2\">\n<hr \/>\n<\/td>\n<\/tr>\n<tr>\n<td colspan=\"2\"><\/td>\n<\/tr>\n<tr>\n<td width=\"150\">Accreditatore<\/td>\n<td><b>Dr Giuseppe Savary<\/b><\/td>\n<\/tr>\n<tr>\n<td>Specializzazione<\/td>\n<td><b>Medicina d&#8217;urgenza<\/b><\/td>\n<\/tr>\n<tr>\n<td valign=\"top\">Contatto<\/td>\n<td>6662 Russo<br \/>\nTel 091 \/ 797.18.26<br \/>\nFax 091 \/ 797.18.25<\/td>\n<\/tr>\n<tr>\n<td>E-mail<\/td>\n<td><\/td>\n<\/tr>\n<tr>\n<td colspan=\"2\">\n<hr \/>\n<\/td>\n<\/tr>\n<tr>\n<td colspan=\"2\"><\/td>\n<\/tr>\n<tr>\n<td width=\"150\">Accreditatore<\/td>\n<td><b>Dr med. Eric Girarda<\/b><\/td>\n<\/tr>\n<tr>\n<td>Specializzazione<\/td>\n<td><b>Nefrologia<\/b><\/td>\n<\/tr>\n<tr>\n<td valign=\"top\">Contatto<\/td>\n<td><\/td>\n<\/tr>\n<tr>\n<td>E-mail<\/td>\n<td><a href=\"mailto:eric.girarda@hug-ge.ch\">eric.girarda@hug-ge.ch<\/a><\/td>\n<\/tr>\n<tr>\n<td colspan=\"2\">\n<hr \/>\n<\/td>\n<\/tr>\n<tr>\n<td colspan=\"2\"><\/td>\n<\/tr>\n<tr>\n<td width=\"150\">Accreditatore<\/td>\n<td><strong>Societ\u00e0 Svizzera di Oncologia medica<\/strong><\/td>\n<\/tr>\n<tr>\n<td>Specializzazione<\/td>\n<td><b>Oncologia<\/b><\/td>\n<\/tr>\n<tr>\n<td valign=\"top\">Contatto<\/td>\n<td>Bahnhofplatz 4<br \/>\n8001 Zurigo<br \/>\nTel 043 \/ 266.99.17<br \/>\n<a href=\"http:\/\/www.sgmo.ch\/fortbildung\/credits-beantragen\/\" target=\"_blank\"> www.sgmo.ch\/fortbildung\/credits-beantragen\/<\/a><\/td>\n<\/tr>\n<tr>\n<td>E-mail<\/td>\n<\/tr>\n<tr>\n<td colspan=\"2\">\n<hr \/>\n<\/td>\n<\/tr>\n<tr>\n<td colspan=\"2\"><\/td>\n<\/tr>\n<tr>\n<td width=\"150\">Accreditatore<\/td>\n<td><b>Dr Marco Pons<\/b><\/td>\n<\/tr>\n<tr>\n<td>Specializzazione<\/td>\n<td><b>Pneumologia<\/b><\/td>\n<\/tr>\n<tr>\n<td valign=\"top\">Contatto<\/td>\n<td>Ospedale Civico<br \/>\nVia Tesserete 46<br \/>\n6900 Lugano<br \/>\nTel 091 \/ 805.64.49<\/td>\n<\/tr>\n<tr>\n<td>E-mail<\/td>\n<td><a href=\"mailto:mpons@bluewin.ch\">mpons@bluewin.ch<\/a><\/td>\n<\/tr>\n<tr>\n<td colspan=\"2\">\n<hr \/>\n<\/td>\n<\/tr>\n<tr>\n<td colspan=\"2\"><\/td>\n<\/tr>\n<tr>\n<td width=\"150\">Accreditatore<\/td>\n<td><b>Dr Nicola Keller<\/b><\/td>\n<\/tr>\n<tr>\n<td>Specializzazione<\/td>\n<td><b>Reumatologia<\/b><\/td>\n<\/tr>\n<tr>\n<td valign=\"top\">Contatto<\/td>\n<td>Via al Ponte 2<br \/>\n6834 Morbio Inferiore<br \/>\nTel 091 \/ 682.02.20<br \/>\nFax 091 \/ 682.84.84<\/td>\n<\/tr>\n<tr>\n<td>E-mail<\/td>\n<td><a href=\"mailto:drnkeller@hin.ch\">drnkeller@hin.ch<\/a><\/td>\n<\/tr>\n<tr>\n<td colspan=\"2\">\n<hr \/>\n<\/td>\n<\/tr>\n<tr>\n<td colspan=\"2\"><\/td>\n<\/tr>\n<tr>\n<td width=\"150\">Accreditatore<\/td>\n<td><b>Dr Federico Dubas<\/b><\/td>\n<\/tr>\n<tr>\n<td>Specializzazione<\/td>\n<td><b>Chirurgia<\/b><\/td>\n<\/tr>\n<tr>\n<td valign=\"top\">Contatto<\/td>\n<td>SGC Geselsch\u00e4ftsstelle, sig.a Brigitte Scherzinger<br \/>\nBahnhofstrasse 55<br \/>\n5001 Aarau<br \/>\nTel 062 \/ 836 20 98<br \/>\nFax 062 \/ 836 20 97<\/td>\n<\/tr>\n<tr>\n<td>E-mail<\/td>\n<td><a href=\"mailto:info@sgc-ssc.ch\">info@sgc-ssc.ch<\/a><\/td>\n<\/tr>\n<tr>\n<td colspan=\"2\">\n<hr \/>\n<\/td>\n<\/tr>\n<tr>\n<td colspan=\"2\"><\/td>\n<\/tr>\n<tr>\n<td width=\"150\">Accreditatore<\/td>\n<td><b>Dr Philipp Meyer<\/b><\/td>\n<\/tr>\n<tr>\n<td>Specializzazione<\/td>\n<td><b>Ortopedia<\/b><\/td>\n<\/tr>\n<tr>\n<td valign=\"top\">Contatto<\/td>\n<td>Hirslanden Klinik St. Anna<br \/>\nSt. Anne-Strasse 32<br \/>\n6006 Lucerna<br \/>\nTel 041 \/ 208.38.08<br \/>\nFax 041 \/ 208.38.09<\/td>\n<\/tr>\n<tr>\n<td>E-mail<\/td>\n<td><a href=\"mailto:philipp.meyer@hin.ch\">philipp.meyer@hin.ch<\/a><\/td>\n<\/tr>\n<tr>\n<td colspan=\"2\">\n<hr \/>\n<\/td>\n<\/tr>\n<tr>\n<td colspan=\"2\"><\/td>\n<\/tr>\n<tr>\n<td width=\"150\">Accreditatore<\/td>\n<td><b>Dr Nicola Melik<\/b><\/td>\n<\/tr>\n<tr>\n<td>Specializzazione<\/td>\n<td><b>ORL<\/b><\/td>\n<\/tr>\n<tr>\n<td valign=\"top\">Contatto<\/td>\n<td>Via all&#8217;Ospedale 14<br \/>\n6600 Locarno<br \/>\nTel 091 \/ 760 06 60<br \/>\nFax 091 \/ 760 01 55<\/td>\n<\/tr>\n<tr>\n<td>E-mail<\/td>\n<td><a href=\"mailto:info@melik.ch\">info@melik.ch<\/a><\/td>\n<\/tr>\n<tr>\n<td colspan=\"2\">\n<hr \/>\n<\/td>\n<\/tr>\n<tr>\n<td colspan=\"2\"><\/td>\n<\/tr>\n<tr>\n<td width=\"150\">Accreditatore<\/td>\n<td><b>Dr Albert Franceschetti<\/b><\/td>\n<\/tr>\n<tr>\n<td>Specializzazione<\/td>\n<td><b>Oftalmologia<\/b><\/td>\n<\/tr>\n<tr>\n<td valign=\"top\">Contatto<\/td>\n<td>Av. Maillard 1 bis<br \/>\n1217 Meyrin<br \/>\nTel 022 \/ 783.10.90<br \/>\nFax 022 \/ 783.10.99<\/td>\n<\/tr>\n<tr>\n<td>E-mail<\/td>\n<td><a href=\"mailto:albert@franceschetti.net\">albert@franceschetti.net<\/a><\/td>\n<\/tr>\n<tr>\n<td colspan=\"2\">\n<hr \/>\n<\/td>\n<\/tr>\n<tr>\n<td colspan=\"2\"><\/td>\n<\/tr>\n<tr>\n<td width=\"150\">Accreditatore<\/td>\n<td><b>Societ\u00e0 Svizzera di Dermatologia<\/b><\/td>\n<\/tr>\n<tr>\n<td>Specializzazione<\/td>\n<td><b>Dermatologia<\/b><\/td>\n<\/tr>\n<tr>\n<td valign=\"top\">Contatto<\/td>\n<td>www.derma.ch<\/td>\n<\/tr>\n<tr>\n<td>E-mail<\/td>\n<td><\/td>\n<\/tr>\n<tr>\n<td colspan=\"2\">\n<hr \/>\n<\/td>\n<\/tr>\n<tr>\n<td colspan=\"2\"><\/td>\n<\/tr>\n<tr>\n<td width=\"150\">Accreditatore<\/td>\n<td><b>Soci\u00e9t\u00e9 Suisse de P\u00e9diatrie<\/b><\/td>\n<\/tr>\n<tr>\n<td>Specializzazione<\/td>\n<td><b>Pediatria<\/b><\/td>\n<\/tr>\n<tr>\n<td valign=\"top\">Contatto<\/td>\n<td>rue de l&#8217;H\u00f4pital 15\/CP 1380<br \/>\n1701 Fribourg<br \/>\nTel 026 \/ 350.33.44<br \/>\nFax 026 \/ 350.33.03<\/td>\n<\/tr>\n<tr>\n<td>E-mail<\/td>\n<td><a href=\"mailto:secretariat@swiss-paediatrics.org\">secretariat@swiss-paediatrics.org<\/a><\/td>\n<\/tr>\n<tr>\n<td colspan=\"2\">\n<hr \/>\n<\/td>\n<\/tr>\n<tr>\n<td colspan=\"2\"><\/td>\n<\/tr>\n<tr>\n<td width=\"150\">Accreditatore<\/td>\n<td><b>Dr med. Lucio Foder\u00e0 Pierangeli<\/b><\/td>\n<\/tr>\n<tr>\n<td>Specializzazione<\/td>\n<td><b>Radiologia<\/b><\/td>\n<\/tr>\n<tr>\n<td valign=\"top\">Contatto<\/td>\n<td>Clinica Luganese Moncucco<br \/>\n6900 Lugano<br \/>\nTel 091 \/ 960.81.11<\/td>\n<\/tr>\n<tr>\n<td>E-mail<\/td>\n<td><a href=\"mailto:lufo@ticino.com\">lufo@ticino.com<\/a><\/td>\n<\/tr>\n<tr>\n<td colspan=\"2\">\n<hr \/>\n<\/td>\n<\/tr>\n<tr>\n<td colspan=\"2\"><\/td>\n<\/tr>\n<tr>\n<td width=\"150\">Accreditatore<\/td>\n<td><b>Dr med. Tiziano Cassina<\/b><\/td>\n<\/tr>\n<tr>\n<td>Specializzazione<\/td>\n<td><b>FMH Anestesiologia<\/b><\/td>\n<\/tr>\n<tr>\n<td valign=\"top\">Contatto<\/td>\n<td>Cardiocentro Ticno<br \/>\nVia Tesserete 48, 6900 Lugano<\/td>\n<\/tr>\n<tr>\n<td>E-mail<\/td>\n<td><a href=\"mailto:tiziano.cassina@cardiocentro.org\">tiziano.cassina@cardiocentro.org<\/a><\/td>\n<\/tr>\n<tr>\n<td colspan=\"2\">\n<hr \/>\n<\/td>\n<\/tr>\n<\/tbody>\n<\/table>\n","protected":false},"excerpt":{"rendered":"<p>http:\/\/www.sgmo.ch\/fortbildung\/credits-beantragen\/ Accreditatore Dr med. Alberto Chiesa Specializzazione Medicina Generale Contatto Via Cantonale 11 6900 Lugano Tel 091 \/ 921.19.00 Fax 091 \/ 921.19.16 E-mail dr.chiesa@bluewin.ch Accreditatore Dr med. Ettore Battaglia Specializzazione FMH Medicina Interna Contatto Viale Stefano Franscini 1 6900 Lugano Tel 091 \/ 922.90.55&#8230;<\/p>\n","protected":false},"author":1,"featured_media":0,"parent":0,"menu_order":0,"comment_status":"closed","ping_status":"closed","template":"","meta":{"footnotes":""},"_links":{"self":[{"href":"https:\/\/www.aggiornati.ch\/index.php?rest_route=\/wp\/v2\/pages\/275"}],"collection":[{"href":"https:\/\/www.aggiornati.ch\/index.php?rest_route=\/wp\/v2\/pages"}],"about":[{"href":"https:\/\/www.aggiornati.ch\/index.php?rest_route=\/wp\/v2\/types\/page"}],"author":[{"embeddable":true,"href":"https:\/\/www.aggiornati.ch\/index.php?rest_route=\/wp\/v2\/users\/1"}],"replies":[{"embeddable":true,"href":"https:\/\/www.aggiornati.ch\/index.php?rest_route=%2Fwp%2Fv2%2Fcomments&post=275"}],"version-history":[{"count":12,"href":"https:\/\/www.aggiornati.ch\/index.php?rest_route=\/wp\/v2\/pages\/275\/revisions"}],"predecessor-version":[{"id":373,"href":"https:\/\/www.aggiornati.ch\/index.php?rest_route=\/wp\/v2\/pages\/275\/revisions\/373"}],"wp:attachment":[{"href":"https:\/\/www.aggiornati.ch\/index.php?rest_route=%2Fwp%2Fv2%2Fmedia&parent=275"}],"curies":[{"name":"wp","href":"https:\/\/api.w.org\/{rel}","templated":true}]}}